{"id":42,"date":"2020-09-09T14:33:03","date_gmt":"2020-09-09T14:33:03","guid":{"rendered":"http:\/\/www.osunamission.com\/?page_id=42"},"modified":"2023-03-06T09:37:20","modified_gmt":"2023-03-06T09:37:20","slug":"noticias","status":"publish","type":"page","link":"http:\/\/www.osunamission.com\/index.php\/noticias\/","title":{"rendered":"NOTICIAS"},"content":{"rendered":"<p><strong>CONCESI\u00d3N DE CDTI PARA EL PROYECTO AUTOLIVE<\/strong><\/p>\n<p>El siguiente proyecto ha sido cofinanciado por el Fondo Europeo de Desarrollo Regional (FEDER) a trav\u00e9s del programa operativo plurirregional de Espa\u00f1a 2014-2020.<\/p>\n<p><strong><em>DESARROLLO DE UN SISTEMA DE CONTROL DEL PROCESO DE OXIDACI\u00d3N DE LA ACEITUNA<\/em><\/strong><\/p>\n<p>El proyecto pretende automatizar todo el proceso de oxidaci\u00f3n de la aceituna en base a nuevas tecnolog\u00edas de im\u00e1genes adem\u00e1s de sensores de inteligencia artificial, de manera que se consiga determinar el final de la oxidaci\u00f3n con exactitud. De esta manera se podr\u00e1 concretar la adici\u00f3n de sosa en su justa medida, con el consiguiente ahorro, tanto econ\u00f3mico como en tiempo. Adem\u00e1s, se conseguir\u00e1 un producto de mayor uniformidad y consecuentemente mayor calidad.<\/p>\n<p>El proyecto ha sido realizado en las instalaciones de OSUNA MISSION, S.L. en Osuna \u00a0(Sevilla), con un presupuesto asignado de 523.852 \u20ac<\/p>\n<p><img loading=\"lazy\" class=\"alignnone size-medium wp-image-169\" src=\"http:\/\/www.osunamission.com\/wp-content\/uploads\/2023\/03\/2023-03-06-10_36_28-NOTICIA-WEb-OSUNA-Vista-protegida-Word-300x60.png\" alt=\"\" width=\"300\" height=\"60\" srcset=\"http:\/\/www.osunamission.com\/wp-content\/uploads\/2023\/03\/2023-03-06-10_36_28-NOTICIA-WEb-OSUNA-Vista-protegida-Word-300x60.png 300w, http:\/\/www.osunamission.com\/wp-content\/uploads\/2023\/03\/2023-03-06-10_36_28-NOTICIA-WEb-OSUNA-Vista-protegida-Word-230x46.png 230w, http:\/\/www.osunamission.com\/wp-content\/uploads\/2023\/03\/2023-03-06-10_36_28-NOTICIA-WEb-OSUNA-Vista-protegida-Word-350x70.png 350w, http:\/\/www.osunamission.com\/wp-content\/uploads\/2023\/03\/2023-03-06-10_36_28-NOTICIA-WEb-OSUNA-Vista-protegida-Word-480x95.png 480w, http:\/\/www.osunamission.com\/wp-content\/uploads\/2023\/03\/2023-03-06-10_36_28-NOTICIA-WEb-OSUNA-Vista-protegida-Word.png 584w\" sizes=\"(max-width: 300px) 100vw, 300px\" \/><\/p>\n<p>_____________________________________________________________________________________________________________________________<\/p>\n<p><img loading=\"lazy\" src=\"http:\/\/www.osunamission.com\/wp-content\/uploads\/2020\/09\/OSUNA-MISSION-PYME-SOSTENIBLE.png\" sizes=\"(max-width: 631px) 100vw, 631px\" srcset=\"http:\/\/www.osunamission.com\/wp-content\/uploads\/2020\/09\/OSUNA-MISSION-PYME-SOSTENIBLE.png 631w, http:\/\/www.osunamission.com\/wp-content\/uploads\/2020\/09\/OSUNA-MISSION-PYME-SOSTENIBLE-260x300.png 260w, http:\/\/www.osunamission.com\/wp-content\/uploads\/2020\/09\/OSUNA-MISSION-PYME-SOSTENIBLE-230x265.png 230w, http:\/\/www.osunamission.com\/wp-content\/uploads\/2020\/09\/OSUNA-MISSION-PYME-SOSTENIBLE-350x404.png 350w, http:\/\/www.osunamission.com\/wp-content\/uploads\/2020\/09\/OSUNA-MISSION-PYME-SOSTENIBLE-480x554.png 480w\" alt=\"Osuna Mission PYME sostenible\" width=\"631\" height=\"728\" \/><\/p>\n","protected":false},"excerpt":{"rendered":"<p>CONCESI\u00d3N DE CDTI PARA EL PROYECTO AUTOLIVE El siguiente proyecto ha sido cofinanciado por el Fondo Europeo de Desarrollo Regional (FEDER) a trav\u00e9s del programa operativo plurirregional de Espa\u00f1a 2014-2020. DESARROLLO DE UN SISTEMA DE CONTROL DEL PROCESO DE OXIDACI\u00d3N DE LA ACEITUNA El proyecto pretende automatizar todo el proceso de oxidaci\u00f3n de la aceituna [&hellip;]<\/p>\n","protected":false},"author":1,"featured_media":0,"parent":0,"menu_order":0,"comment_status":"closed","ping_status":"closed","template":"elementor_header_footer","meta":{"spay_email":""},"_links":{"self":[{"href":"http:\/\/www.osunamission.com\/index.php\/wp-json\/wp\/v2\/pages\/42"}],"collection":[{"href":"http:\/\/www.osunamission.com\/index.php\/wp-json\/wp\/v2\/pages"}],"about":[{"href":"http:\/\/www.osunamission.com\/index.php\/wp-json\/wp\/v2\/types\/page"}],"author":[{"embeddable":true,"href":"http:\/\/www.osunamission.com\/index.php\/wp-json\/wp\/v2\/users\/1"}],"replies":[{"embeddable":true,"href":"http:\/\/www.osunamission.com\/index.php\/wp-json\/wp\/v2\/comments?post=42"}],"version-history":[{"count":8,"href":"http:\/\/www.osunamission.com\/index.php\/wp-json\/wp\/v2\/pages\/42\/revisions"}],"predecessor-version":[{"id":170,"href":"http:\/\/www.osunamission.com\/index.php\/wp-json\/wp\/v2\/pages\/42\/revisions\/170"}],"wp:attachment":[{"href":"http:\/\/www.osunamission.com\/index.php\/wp-json\/wp\/v2\/media?parent=42"}],"curies":[{"name":"wp","href":"https:\/\/api.w.org\/{rel}","templated":true}]}}